{"id":22,"date":"2025-10-26T22:07:21","date_gmt":"2025-10-26T22:07:21","guid":{"rendered":"https:\/\/rsinvest.ba\/?page_id=22"},"modified":"2025-10-26T22:25:23","modified_gmt":"2025-10-26T22:25:23","slug":"djelatnosti","status":"publish","type":"page","link":"https:\/\/rsinvest.ba\/en\/djelatnosti\/","title":{"rendered":"SERVICES"},"content":{"rendered":"<p><\/p>\n\n\n\n<p>&#8211; <strong>RENEWABLE ENERGY SOURCES: <\/strong>development of solar energy projects<br>   that provide clean and stable energy for the future.<\/p>\n\n\n\n<p>&#8211; <strong>REAL ESTATE: <\/strong>investment in the development of modern, sustainable, and functional<br>   spaces that enhance living and business environments.<\/p>\n\n\n\n<p>&#8211; <strong>SECURITIES MARKET:<\/strong> through smart and analytical<br>   approaches to achieve secure and long-term capital growth.<\/p>\n\n\n\n<p>&#8211; <strong>MODERN FRUIT GROWING:<\/strong> combining tradition and innovative<br>   solutions in the production of high-quality fruits with the ultimate goal of obtaining<br>   traditional fruit spirits \u2013 combining nature and economic value.<\/p>","protected":false},"excerpt":{"rendered":"<p>&#8211; OBNOVLJIVI IZVORI ENERGIJE: razvoj projekata solarne energije koji donose \u010distu i stabilnu energiju budu\u0107nosti. &#8211; NEKRETNINE: ulaganje u razvoj modernih, odr\u017eivih i funkcionalnih prostora koji unapre\u0111uju \u017eivot i poslovanje. &#8211; TR\u017dI\u0160TE HARTIJA OD VRIJEDNOSTI: pametnim i analiti\u010dkim pristupom ostvarivati siguran i dugoro\u010dan rast kapitala. &#8211; SAVREMENO VO\u0106ARSTVO: kombinovanje tradicije i inovativnih rje\u0161enja u proizvodnji [&hellip;]<\/p>","protected":false},"author":1,"featured_media":0,"parent":0,"menu_order":0,"comment_status":"closed","ping_status":"closed","template":"","meta":{"footnotes":""},"class_list":["post-22","page","type-page","status-publish","hentry"],"_links":{"self":[{"href":"https:\/\/rsinvest.ba\/en\/wp-json\/wp\/v2\/pages\/22","targetHints":{"allow":["GET"]}}],"collection":[{"href":"https:\/\/rsinvest.ba\/en\/wp-json\/wp\/v2\/pages"}],"about":[{"href":"https:\/\/rsinvest.ba\/en\/wp-json\/wp\/v2\/types\/page"}],"author":[{"embeddable":true,"href":"https:\/\/rsinvest.ba\/en\/wp-json\/wp\/v2\/users\/1"}],"replies":[{"embeddable":true,"href":"https:\/\/rsinvest.ba\/en\/wp-json\/wp\/v2\/comments?post=22"}],"version-history":[{"count":2,"href":"https:\/\/rsinvest.ba\/en\/wp-json\/wp\/v2\/pages\/22\/revisions"}],"predecessor-version":[{"id":40,"href":"https:\/\/rsinvest.ba\/en\/wp-json\/wp\/v2\/pages\/22\/revisions\/40"}],"wp:attachment":[{"href":"https:\/\/rsinvest.ba\/en\/wp-json\/wp\/v2\/media?parent=22"}],"curies":[{"name":"wp","href":"https:\/\/api.w.org\/{rel}","templated":true}]}}