{"id":24,"date":"2025-10-26T22:08:16","date_gmt":"2025-10-26T22:08:16","guid":{"rendered":"https:\/\/rsinvest.ba\/?page_id=24"},"modified":"2025-10-26T22:30:33","modified_gmt":"2025-10-26T22:30:33","slug":"solarna-energija","status":"publish","type":"page","link":"https:\/\/rsinvest.ba\/en\/solarna-energija\/","title":{"rendered":"SOLAR ENERGY"},"content":{"rendered":"<p><strong>RENEWABLE ENERGY SOURCES<\/strong> \u2013 the future is now<\/p>\n\n\n\n<p><br>We develop solar energy projects that provide clean, sustainable, and stable energy.<br>Our focus is on utilizing natural resources to generate energy that protects the environment<br>and ensures a safe future for all of us. By investing in solar projects,<br>we contribute to preserving the planet and creating a sustainable energy system.<\/p>\n\n\n\n<p><\/p>","protected":false},"excerpt":{"rendered":"<p>OBNOVLJIVI IZVORI ENERGIJE \u2013 budu\u0107nost je danas Razvijamo projekte solarne energije koji donose \u010distu, odr\u017eivu i stabilnu energiju.Na\u0161 fokus je na kori\u0161tenju prirodnih resursa za stvaranje energije koja \u0161titi \u017eivotnusredinu i obezbje\u0111uje sigurnu budu\u0107nost za sve nas. Ulaganjem u solarne projekte,doprinosimo o\u010duvanju planete i stvaranju odr\u017eivog energetskog sistema.<\/p>","protected":false},"author":1,"featured_media":0,"parent":0,"menu_order":0,"comment_status":"closed","ping_status":"closed","template":"","meta":{"footnotes":""},"class_list":["post-24","page","type-page","status-publish","hentry"],"_links":{"self":[{"href":"https:\/\/rsinvest.ba\/en\/wp-json\/wp\/v2\/pages\/24","targetHints":{"allow":["GET"]}}],"collection":[{"href":"https:\/\/rsinvest.ba\/en\/wp-json\/wp\/v2\/pages"}],"about":[{"href":"https:\/\/rsinvest.ba\/en\/wp-json\/wp\/v2\/types\/page"}],"author":[{"embeddable":true,"href":"https:\/\/rsinvest.ba\/en\/wp-json\/wp\/v2\/users\/1"}],"replies":[{"embeddable":true,"href":"https:\/\/rsinvest.ba\/en\/wp-json\/wp\/v2\/comments?post=24"}],"version-history":[{"count":2,"href":"https:\/\/rsinvest.ba\/en\/wp-json\/wp\/v2\/pages\/24\/revisions"}],"predecessor-version":[{"id":42,"href":"https:\/\/rsinvest.ba\/en\/wp-json\/wp\/v2\/pages\/24\/revisions\/42"}],"wp:attachment":[{"href":"https:\/\/rsinvest.ba\/en\/wp-json\/wp\/v2\/media?parent=24"}],"curies":[{"name":"wp","href":"https:\/\/api.w.org\/{rel}","templated":true}]}}