{"id":30,"date":"2025-10-26T22:13:37","date_gmt":"2025-10-26T22:13:37","guid":{"rendered":"https:\/\/rsinvest.ba\/?page_id=30"},"modified":"2025-11-13T10:10:20","modified_gmt":"2025-11-13T10:10:20","slug":"projekti","status":"publish","type":"page","link":"https:\/\/rsinvest.ba\/en\/projekti\/","title":{"rendered":"PROJECTS"},"content":{"rendered":"<p><strong>Among our successful projects are photovoltaic power plants<\/strong><\/p>\n\n\n\n<p>Photovoltaic Power Plant SLATINA 1<\/p>\n\n\n\n<p>Photovoltaic Power Plant SLATINA 2<\/p>\n\n\n\n<p>Photovoltaic Power Plant SLATINA 3<\/p>\n\n\n\n<p>Photovoltaic Power Plant SLATINA 4<\/p>\n\n\n\n<p>By investing in solar projects, we contribute to preserving the planet and creating a sustainable<br>energy system.<\/p>\n\n\n\n<p><strong>MODERN FRUIT GROWING<\/strong><\/p>\n\n\n\n<p>Combining tradition and innovative solutions in the production of high-quality<br>fruits with the ultimate goal of producing traditional fruit spirits \u2013 combining<br>nature and economic value<\/p>\n\n\n\n<p><br>Our story begins on 0.6 hectares of carefully selected plum trees, where through<br>modern fruit-growing methods, high-quality and health-safe fruits are cultivated. In<br>the heart of our work is a dedication to preserving the tradition of making plum brandy, but with<br>the application of the latest technologies and sustainable practices.<\/p>\n\n\n\n<p>Through modern approaches in fruit growing, we strive to improve the quality of the fruits,<br>preserve natural resources, and contribute to protecting our environment. Our plum brandy<br>is not just a drink \u2013 it is a blend of nature, tradition, and innovation<\/p>\n\n\n\n<figure class=\"wp-block-gallery has-nested-images columns-default is-cropped wp-block-gallery-1 is-layout-flex wp-block-gallery-is-layout-flex\">\n<figure class=\"wp-block-image size-large\"><img loading=\"lazy\" decoding=\"async\" width=\"1024\" height=\"576\" data-id=\"125\" src=\"https:\/\/rsinvest.ba\/wp-content\/uploads\/2025\/10\/image13-1-1024x576.jpeg\" alt=\"\" class=\"wp-image-125\" srcset=\"https:\/\/rsinvest.ba\/wp-content\/uploads\/2025\/10\/image13-1-1024x576.jpeg 1024w, https:\/\/rsinvest.ba\/wp-content\/uploads\/2025\/10\/image13-1-300x169.jpeg 300w, https:\/\/rsinvest.ba\/wp-content\/uploads\/2025\/10\/image13-1-768x432.jpeg 768w, https:\/\/rsinvest.ba\/wp-content\/uploads\/2025\/10\/image13-1-1536x864.jpeg 1536w, https:\/\/rsinvest.ba\/wp-content\/uploads\/2025\/10\/image13-1-18x10.jpeg 18w, https:\/\/rsinvest.ba\/wp-content\/uploads\/2025\/10\/image13-1.jpeg 1600w\" sizes=\"auto, (max-width: 1024px) 100vw, 1024px\" \/><\/figure>\n\n\n\n<figure class=\"wp-block-image size-large\"><img loading=\"lazy\" decoding=\"async\" width=\"1024\" height=\"576\" data-id=\"126\" src=\"https:\/\/rsinvest.ba\/wp-content\/uploads\/2025\/10\/image12-1024x576.jpeg\" alt=\"\" class=\"wp-image-126\" srcset=\"https:\/\/rsinvest.ba\/wp-content\/uploads\/2025\/10\/image12-1024x576.jpeg 1024w, https:\/\/rsinvest.ba\/wp-content\/uploads\/2025\/10\/image12-300x169.jpeg 300w, https:\/\/rsinvest.ba\/wp-content\/uploads\/2025\/10\/image12-768x432.jpeg 768w, https:\/\/rsinvest.ba\/wp-content\/uploads\/2025\/10\/image12-1536x864.jpeg 1536w, https:\/\/rsinvest.ba\/wp-content\/uploads\/2025\/10\/image12-18x10.jpeg 18w, https:\/\/rsinvest.ba\/wp-content\/uploads\/2025\/10\/image12.jpeg 1600w\" sizes=\"auto, (max-width: 1024px) 100vw, 1024px\" \/><\/figure>\n\n\n\n<figure class=\"wp-block-image size-large\"><img loading=\"lazy\" decoding=\"async\" width=\"1024\" height=\"576\" data-id=\"127\" src=\"https:\/\/rsinvest.ba\/wp-content\/uploads\/2025\/10\/image7-1024x576.jpeg\" alt=\"\" class=\"wp-image-127\" srcset=\"https:\/\/rsinvest.ba\/wp-content\/uploads\/2025\/10\/image7-1024x576.jpeg 1024w, https:\/\/rsinvest.ba\/wp-content\/uploads\/2025\/10\/image7-300x169.jpeg 300w, https:\/\/rsinvest.ba\/wp-content\/uploads\/2025\/10\/image7-768x432.jpeg 768w, https:\/\/rsinvest.ba\/wp-content\/uploads\/2025\/10\/image7-1536x864.jpeg 1536w, https:\/\/rsinvest.ba\/wp-content\/uploads\/2025\/10\/image7-18x10.jpeg 18w, https:\/\/rsinvest.ba\/wp-content\/uploads\/2025\/10\/image7.jpeg 1600w\" sizes=\"auto, (max-width: 1024px) 100vw, 1024px\" \/><\/figure>\n\n\n\n<figure class=\"wp-block-image size-large\"><img loading=\"lazy\" decoding=\"async\" width=\"1024\" height=\"576\" data-id=\"128\" src=\"https:\/\/rsinvest.ba\/wp-content\/uploads\/2025\/10\/image10-1024x576.jpeg\" alt=\"\" class=\"wp-image-128\" srcset=\"https:\/\/rsinvest.ba\/wp-content\/uploads\/2025\/10\/image10-1024x576.jpeg 1024w, https:\/\/rsinvest.ba\/wp-content\/uploads\/2025\/10\/image10-300x169.jpeg 300w, https:\/\/rsinvest.ba\/wp-content\/uploads\/2025\/10\/image10-768x432.jpeg 768w, https:\/\/rsinvest.ba\/wp-content\/uploads\/2025\/10\/image10-1536x864.jpeg 1536w, https:\/\/rsinvest.ba\/wp-content\/uploads\/2025\/10\/image10-18x10.jpeg 18w, https:\/\/rsinvest.ba\/wp-content\/uploads\/2025\/10\/image10.jpeg 1600w\" sizes=\"auto, (max-width: 1024px) 100vw, 1024px\" \/><\/figure>\n\n\n\n<figure class=\"wp-block-image size-large\"><img loading=\"lazy\" decoding=\"async\" width=\"1024\" height=\"576\" data-id=\"129\" src=\"https:\/\/rsinvest.ba\/wp-content\/uploads\/2025\/10\/image8-1024x576.jpeg\" alt=\"\" class=\"wp-image-129\" srcset=\"https:\/\/rsinvest.ba\/wp-content\/uploads\/2025\/10\/image8-1024x576.jpeg 1024w, https:\/\/rsinvest.ba\/wp-content\/uploads\/2025\/10\/image8-300x169.jpeg 300w, https:\/\/rsinvest.ba\/wp-content\/uploads\/2025\/10\/image8-768x432.jpeg 768w, https:\/\/rsinvest.ba\/wp-content\/uploads\/2025\/10\/image8-1536x864.jpeg 1536w, https:\/\/rsinvest.ba\/wp-content\/uploads\/2025\/10\/image8-18x10.jpeg 18w, https:\/\/rsinvest.ba\/wp-content\/uploads\/2025\/10\/image8.jpeg 1600w\" sizes=\"auto, (max-width: 1024px) 100vw, 1024px\" \/><\/figure>\n\n\n\n<figure class=\"wp-block-image size-large\"><img loading=\"lazy\" decoding=\"async\" width=\"1024\" height=\"576\" data-id=\"130\" src=\"https:\/\/rsinvest.ba\/wp-content\/uploads\/2025\/10\/image9-1024x576.jpeg\" alt=\"\" class=\"wp-image-130\" srcset=\"https:\/\/rsinvest.ba\/wp-content\/uploads\/2025\/10\/image9-1024x576.jpeg 1024w, https:\/\/rsinvest.ba\/wp-content\/uploads\/2025\/10\/image9-300x169.jpeg 300w, https:\/\/rsinvest.ba\/wp-content\/uploads\/2025\/10\/image9-768x432.jpeg 768w, https:\/\/rsinvest.ba\/wp-content\/uploads\/2025\/10\/image9-1536x864.jpeg 1536w, https:\/\/rsinvest.ba\/wp-content\/uploads\/2025\/10\/image9-18x10.jpeg 18w, https:\/\/rsinvest.ba\/wp-content\/uploads\/2025\/10\/image9.jpeg 1600w\" sizes=\"auto, (max-width: 1024px) 100vw, 1024px\" \/><\/figure>\n\n\n\n<figure class=\"wp-block-image size-large\"><img loading=\"lazy\" decoding=\"async\" width=\"1024\" height=\"576\" data-id=\"135\" src=\"https:\/\/rsinvest.ba\/wp-content\/uploads\/2025\/10\/image6-1024x576.jpeg\" alt=\"\" class=\"wp-image-135\" srcset=\"https:\/\/rsinvest.ba\/wp-content\/uploads\/2025\/10\/image6-1024x576.jpeg 1024w, https:\/\/rsinvest.ba\/wp-content\/uploads\/2025\/10\/image6-300x169.jpeg 300w, https:\/\/rsinvest.ba\/wp-content\/uploads\/2025\/10\/image6-768x432.jpeg 768w, https:\/\/rsinvest.ba\/wp-content\/uploads\/2025\/10\/image6-1536x864.jpeg 1536w, https:\/\/rsinvest.ba\/wp-content\/uploads\/2025\/10\/image6-18x10.jpeg 18w, https:\/\/rsinvest.ba\/wp-content\/uploads\/2025\/10\/image6.jpeg 1600w\" sizes=\"auto, (max-width: 1024px) 100vw, 1024px\" \/><\/figure>\n\n\n\n<figure class=\"wp-block-image size-large\"><img loading=\"lazy\" decoding=\"async\" width=\"1024\" height=\"576\" data-id=\"134\" src=\"https:\/\/rsinvest.ba\/wp-content\/uploads\/2025\/10\/image2-1024x576.jpeg\" alt=\"\" class=\"wp-image-134\" srcset=\"https:\/\/rsinvest.ba\/wp-content\/uploads\/2025\/10\/image2-1024x576.jpeg 1024w, https:\/\/rsinvest.ba\/wp-content\/uploads\/2025\/10\/image2-300x169.jpeg 300w, https:\/\/rsinvest.ba\/wp-content\/uploads\/2025\/10\/image2-768x432.jpeg 768w, https:\/\/rsinvest.ba\/wp-content\/uploads\/2025\/10\/image2-1536x864.jpeg 1536w, https:\/\/rsinvest.ba\/wp-content\/uploads\/2025\/10\/image2-18x10.jpeg 18w, https:\/\/rsinvest.ba\/wp-content\/uploads\/2025\/10\/image2.jpeg 1600w\" sizes=\"auto, (max-width: 1024px) 100vw, 1024px\" \/><\/figure>\n\n\n\n<figure class=\"wp-block-image size-large\"><img loading=\"lazy\" decoding=\"async\" width=\"1024\" height=\"576\" data-id=\"136\" src=\"https:\/\/rsinvest.ba\/wp-content\/uploads\/2025\/10\/image3-1024x576.jpeg\" alt=\"\" class=\"wp-image-136\" srcset=\"https:\/\/rsinvest.ba\/wp-content\/uploads\/2025\/10\/image3-1024x576.jpeg 1024w, https:\/\/rsinvest.ba\/wp-content\/uploads\/2025\/10\/image3-300x169.jpeg 300w, https:\/\/rsinvest.ba\/wp-content\/uploads\/2025\/10\/image3-768x432.jpeg 768w, https:\/\/rsinvest.ba\/wp-content\/uploads\/2025\/10\/image3-1536x864.jpeg 1536w, https:\/\/rsinvest.ba\/wp-content\/uploads\/2025\/10\/image3-18x10.jpeg 18w, https:\/\/rsinvest.ba\/wp-content\/uploads\/2025\/10\/image3.jpeg 1600w\" sizes=\"auto, (max-width: 1024px) 100vw, 1024px\" \/><\/figure>\n\n\n\n<figure class=\"wp-block-image size-large\"><img loading=\"lazy\" decoding=\"async\" width=\"1024\" height=\"576\" data-id=\"133\" src=\"https:\/\/rsinvest.ba\/wp-content\/uploads\/2025\/10\/image0-1024x576.jpeg\" alt=\"\" class=\"wp-image-133\" srcset=\"https:\/\/rsinvest.ba\/wp-content\/uploads\/2025\/10\/image0-1024x576.jpeg 1024w, https:\/\/rsinvest.ba\/wp-content\/uploads\/2025\/10\/image0-300x169.jpeg 300w, https:\/\/rsinvest.ba\/wp-content\/uploads\/2025\/10\/image0-768x432.jpeg 768w, https:\/\/rsinvest.ba\/wp-content\/uploads\/2025\/10\/image0-1536x864.jpeg 1536w, https:\/\/rsinvest.ba\/wp-content\/uploads\/2025\/10\/image0-18x10.jpeg 18w, https:\/\/rsinvest.ba\/wp-content\/uploads\/2025\/10\/image0.jpeg 1600w\" sizes=\"auto, (max-width: 1024px) 100vw, 1024px\" \/><\/figure>\n\n\n\n<figure class=\"wp-block-image size-large\"><img loading=\"lazy\" decoding=\"async\" width=\"1024\" height=\"576\" data-id=\"131\" src=\"https:\/\/rsinvest.ba\/wp-content\/uploads\/2025\/10\/image4-1024x576.jpeg\" alt=\"\" class=\"wp-image-131\" srcset=\"https:\/\/rsinvest.ba\/wp-content\/uploads\/2025\/10\/image4-1024x576.jpeg 1024w, https:\/\/rsinvest.ba\/wp-content\/uploads\/2025\/10\/image4-300x169.jpeg 300w, https:\/\/rsinvest.ba\/wp-content\/uploads\/2025\/10\/image4-768x432.jpeg 768w, https:\/\/rsinvest.ba\/wp-content\/uploads\/2025\/10\/image4-1536x864.jpeg 1536w, https:\/\/rsinvest.ba\/wp-content\/uploads\/2025\/10\/image4-18x10.jpeg 18w, https:\/\/rsinvest.ba\/wp-content\/uploads\/2025\/10\/image4.jpeg 1600w\" sizes=\"auto, (max-width: 1024px) 100vw, 1024px\" \/><\/figure>\n\n\n\n<figure class=\"wp-block-image size-large\"><img loading=\"lazy\" decoding=\"async\" width=\"1024\" height=\"576\" data-id=\"132\" src=\"https:\/\/rsinvest.ba\/wp-content\/uploads\/2025\/10\/image1-1024x576.jpeg\" alt=\"\" class=\"wp-image-132\" srcset=\"https:\/\/rsinvest.ba\/wp-content\/uploads\/2025\/10\/image1-1024x576.jpeg 1024w, https:\/\/rsinvest.ba\/wp-content\/uploads\/2025\/10\/image1-300x169.jpeg 300w, https:\/\/rsinvest.ba\/wp-content\/uploads\/2025\/10\/image1-768x432.jpeg 768w, https:\/\/rsinvest.ba\/wp-content\/uploads\/2025\/10\/image1-1536x864.jpeg 1536w, https:\/\/rsinvest.ba\/wp-content\/uploads\/2025\/10\/image1-18x10.jpeg 18w, https:\/\/rsinvest.ba\/wp-content\/uploads\/2025\/10\/image1.jpeg 1600w\" sizes=\"auto, (max-width: 1024px) 100vw, 1024px\" \/><\/figure>\n<\/figure>","protected":false},"excerpt":{"rendered":"<p>Me\u0111u na\u0161im uspje\u0161nim projektima su fotonaponske elektrane Fotonaponska elektrana SLATINA 1 Fotonaponska elektrana SLATINA 2 Fotonaponska elektrana SLATINA 3 Fotonaponska elektrana SLATINA 4 Ulaganjem u solarne projekte, doprinosimo o\u010duvanju planete i stvaranju odr\u017eivogenergetskog sistema. SAVREMENO VO\u0106ARSTVO Kombinovanje tradicije i inovativnih rje\u0161enja u proizvodnji visokokvalitetnihplodova sa krajnjim ciljem dobijanja tradicionalnih vo\u0107nih destilata \u2013 spajanjeprirode i ekonomske [&hellip;]<\/p>","protected":false},"author":1,"featured_media":0,"parent":0,"menu_order":0,"comment_status":"closed","ping_status":"closed","template":"","meta":{"footnotes":""},"class_list":["post-30","page","type-page","status-publish","hentry"],"_links":{"self":[{"href":"https:\/\/rsinvest.ba\/en\/wp-json\/wp\/v2\/pages\/30","targetHints":{"allow":["GET"]}}],"collection":[{"href":"https:\/\/rsinvest.ba\/en\/wp-json\/wp\/v2\/pages"}],"about":[{"href":"https:\/\/rsinvest.ba\/en\/wp-json\/wp\/v2\/types\/page"}],"author":[{"embeddable":true,"href":"https:\/\/rsinvest.ba\/en\/wp-json\/wp\/v2\/users\/1"}],"replies":[{"embeddable":true,"href":"https:\/\/rsinvest.ba\/en\/wp-json\/wp\/v2\/comments?post=30"}],"version-history":[{"count":4,"href":"https:\/\/rsinvest.ba\/en\/wp-json\/wp\/v2\/pages\/30\/revisions"}],"predecessor-version":[{"id":164,"href":"https:\/\/rsinvest.ba\/en\/wp-json\/wp\/v2\/pages\/30\/revisions\/164"}],"wp:attachment":[{"href":"https:\/\/rsinvest.ba\/en\/wp-json\/wp\/v2\/media?parent=30"}],"curies":[{"name":"wp","href":"https:\/\/api.w.org\/{rel}","templated":true}]}}